{"id":776,"date":"2018-09-20T07:21:31","date_gmt":"2018-09-20T07:21:31","guid":{"rendered":"http:\/\/eitzen.at\/?page_id=776"},"modified":"2018-10-29T08:44:40","modified_gmt":"2018-10-29T08:44:40","slug":"goldfinder","status":"publish","type":"page","link":"https:\/\/eitzen.at\/index.php\/goldfinder\/","title":{"rendered":"Marte Meo Player GoldFinder"},"content":{"rendered":"<p><img data-recalc-dims=\"1\" loading=\"lazy\" decoding=\"async\" data-attachment-id=\"784\" data-permalink=\"https:\/\/eitzen.at\/index.php\/goldfinder\/video-camera-padded\/\" data-orig-file=\"https:\/\/i0.wp.com\/eitzen.at\/wp-content\/uploads\/2018\/09\/video-camera-padded.png?fit=160%2C160&amp;ssl=1\" data-orig-size=\"160,160\" data-comments-opened=\"1\" data-image-meta=\"{&quot;aperture&quot;:&quot;0&quot;,&quot;credit&quot;:&quot;&quot;,&quot;camera&quot;:&quot;&quot;,&quot;caption&quot;:&quot;&quot;,&quot;created_timestamp&quot;:&quot;0&quot;,&quot;copyright&quot;:&quot;&quot;,&quot;focal_length&quot;:&quot;0&quot;,&quot;iso&quot;:&quot;0&quot;,&quot;shutter_speed&quot;:&quot;0&quot;,&quot;title&quot;:&quot;&quot;,&quot;orientation&quot;:&quot;0&quot;}\" data-image-title=\"video-camera-padded\" data-image-description=\"\" data-image-caption=\"\" data-large-file=\"https:\/\/i0.wp.com\/eitzen.at\/wp-content\/uploads\/2018\/09\/video-camera-padded.png?fit=160%2C160&amp;ssl=1\" class=\"size-full wp-image-784 alignleft\" src=\"https:\/\/i0.wp.com\/eitzen.at\/wp-content\/uploads\/2018\/09\/video-camera-padded.png?resize=160%2C160&#038;ssl=1\" alt=\"\" width=\"160\" height=\"160\" srcset=\"https:\/\/i0.wp.com\/eitzen.at\/wp-content\/uploads\/2018\/09\/video-camera-padded.png?w=160&amp;ssl=1 160w, https:\/\/i0.wp.com\/eitzen.at\/wp-content\/uploads\/2018\/09\/video-camera-padded.png?resize=150%2C150&amp;ssl=1 150w\" sizes=\"auto, (max-width: 160px) 100vw, 160px\" \/><strong><span style=\"color: #d80027;\">GoldFinder<\/span><\/strong> ist ein Programm, welches ma\u00dfgeschneidert f\u00fcr die Vorbereitung einer Marte Meo\u00ae Videointeraktionsanalyse entwickelt wurde.<\/p>\n<p>Ziel der Vorbereitung zu einer Videointeraktionsanalyse nach Marte Meo ist es (sehr vereinfacht), aus einem oder mehreren Videos die gelungenen Momente zu markieren und bestimmte Aspekte zu notieren (Wann, Was, Wozu).<\/p>\n<p>Im Rahmen der Analyse werden diese Momente\u00a0dann mit KlientInnen \/ involvierten Personen besprochen.<\/p>\n<p>Daraus folgend sind die wichtigsten Anforderungen an <strong><span style=\"color: #d80027;\">GoldFinder<\/span><\/strong>:<\/p>\n<ul>\n<li>Unterst\u00fctzung einer Vielzahl an Videoformaten<\/li>\n<li>Die Programmoberfl\u00e4che muss speziell f\u00fcr wenig\u00a0\/ unerfahrene BenutzerInnen angepasst sein<\/li>\n<li><strong><span style=\"color: #d80027;\">GoldFinder<\/span><\/strong> muss\u00a0auf verschiedenen Betriebssystemen (Windows, Mac, Linux) verwendet werden k\u00f6nnen<\/li>\n<li>F\u00fcr das Review muss der Player im Vollbildmodus rein \u00fcber Maus\/Tastenkombinationen bedienbar sein um die Anwesenden nicht vom Video abzulenken<\/li>\n<\/ul>\n<p><img data-recalc-dims=\"1\" loading=\"lazy\" decoding=\"async\" data-attachment-id=\"786\" data-permalink=\"https:\/\/eitzen.at\/index.php\/goldfinder\/splash\/\" data-orig-file=\"https:\/\/i0.wp.com\/eitzen.at\/wp-content\/uploads\/2018\/09\/splash-e1538767517528.png?fit=532%2C439&amp;ssl=1\" data-orig-size=\"532,439\" data-comments-opened=\"1\" data-image-meta=\"{&quot;aperture&quot;:&quot;0&quot;,&quot;credit&quot;:&quot;&quot;,&quot;camera&quot;:&quot;&quot;,&quot;caption&quot;:&quot;&quot;,&quot;created_timestamp&quot;:&quot;0&quot;,&quot;copyright&quot;:&quot;&quot;,&quot;focal_length&quot;:&quot;0&quot;,&quot;iso&quot;:&quot;0&quot;,&quot;shutter_speed&quot;:&quot;0&quot;,&quot;title&quot;:&quot;&quot;,&quot;orientation&quot;:&quot;0&quot;}\" data-image-title=\"splash\" data-image-description=\"\" data-image-caption=\"\" data-large-file=\"https:\/\/i0.wp.com\/eitzen.at\/wp-content\/uploads\/2018\/09\/splash-e1538767517528.png?fit=532%2C439&amp;ssl=1\" class=\"wp-image-786 alignright\" src=\"https:\/\/i0.wp.com\/eitzen.at\/wp-content\/uploads\/2018\/09\/splash.png?resize=442%2C270&#038;ssl=1\" alt=\"\" width=\"442\" height=\"270\" \/><\/p>\n<p>Neben diesen Hauptanforderungen unterst\u00fctzt\u00a0<strong><span style=\"color: #d80027;\">GoldFinder\u00a0<\/span><\/strong>die Marte Meo Therapists \/ Colleague Trainers aber auch bei der Vorbereitung \/ dem Review selbst in dem er:<\/p>\n<ul>\n<li>Videos um 90\u00b0, 180\u00b0, 270\u00b0 drehen kann<\/li>\n<li>Videos verlangsamt\/beschleunigt abspielen kann<\/li>\n<li>Bei definierten Lesezeichen das Video stoppt<\/li>\n<li>Bei definierten Lesezeichen direkt zum n\u00e4chsten Lesezeichen springt um Teile des Videos, die nicht gezeigt werden sollen zu \u00fcberspringen<\/li>\n<li>Bei Lesezeichen eine Folie einblenden kann<\/li>\n<li>Bilder aus dem Video abspeichern kann<\/li>\n<li>Einen Review Report ausdrucken kann, in dem alle Videos, Lesezeichen und Anmerkungen aufgelistet sind.<\/li>\n<li>F\u00fcr das eigentliche Review einen Vollbildschirmmodus erlaubt, in dem durch Tastendrucke auf die Ziffern direkt die Lesezeichen angesprungen werden k\u00f6nnen und\u00a0viele weitere Tastenkombinationen die eine spezifische Anpassung des Videos erlauben (Drehen, Abspielgeschwindigkeit, N\u00e4chste\/Voriges Video, Lautst\u00e4rke, &#8230;etc.)<\/li>\n<\/ul>\n<h4>NEUE FUNKTIONALIT\u00c4T in v0.6.1<\/h4>\n<ul>\n<li><strong>Der GoldFinder kann nun auch Videos zurecht schneiden<\/strong> um die nicht relevanten Teile eines Videos zu l\u00f6schen. Hierzu wird ein neues Video erzeugt und die Bookmarks aus dem Originalvideo werden an die richtigen Stellen im neuen Video kopiert.<\/li>\n<li><strong>Der GoldFinder unterst\u00fctzt nun auch englisch! <\/strong>Im Einstellungsdialog (Hilfe -&gt; Einstellungen) kann die Sprache auf Englisch umgestellt werden.<\/li>\n<\/ul>\n<p>NEUE FUNKTIONALIT\u00c4T in v0.7.2<\/p>\n<ul>\n<li>Es k\u00f6nnen nun auch <strong>mehrere Videoschnittauftr\u00e4ge parallel<\/strong> durchgef\u00fchrt werden<\/li>\n<li>Die zugrundeliegende Videobibliothek wurde ausgewechselt. Dadurch l\u00e4uft der GoldFinder unter <strong>MacOS WESENTLICH stabiler<\/strong>.<\/li>\n<li>Der Videoschnittalgorithmus wurde \u00fcberarbeitet um <strong>Video-\/Audioversatz zu verhindern<\/strong>.<\/li>\n<li>Die <strong>Lesezeichentypen<\/strong> wurden \u00fcberarbeitet und f\u00fcr die Marte meo Anwendung fokussiert \/ <strong>vereinfacht<\/strong>.<\/li>\n<\/ul>\n<h2>Wie kann ich den <span style=\"color: #d80027;\">GoldFinder<\/span> ausprobieren?<\/h2>\n<p>GoldFinder steht derzeit getestet f\u00fcr <strong>Windows, MacOs Sierra, MacOs El Capitan und Linux \/ Ubuntu<\/strong> zur Verf\u00fcgung. Die GoldFinder DEMO Version 0.7.2 f\u00fcr ihr System k\u00f6nnen sie einfach runterladen. Klicken sie dazu einfach auf das ihrem Betriebssystem entsprechende Bild (von links nach rechts: Linux, Mac, Windows):<\/p>\n<p style=\"padding-left: 30px; text-align: center;\">\u00a0<a href=\"https:\/\/eitzen.at\/wp-content\/uploads\/2018\/09\/GoldFinder-Linux.zip\"><img data-recalc-dims=\"1\" loading=\"lazy\" decoding=\"async\" data-attachment-id=\"794\" data-permalink=\"https:\/\/eitzen.at\/index.php\/goldfinder\/icon-os-linux\/\" data-orig-file=\"https:\/\/i0.wp.com\/eitzen.at\/wp-content\/uploads\/2018\/09\/icon-os-linux.png?fit=189%2C189&amp;ssl=1\" data-orig-size=\"189,189\" data-comments-opened=\"1\" data-image-meta=\"{&quot;aperture&quot;:&quot;0&quot;,&quot;credit&quot;:&quot;&quot;,&quot;camera&quot;:&quot;&quot;,&quot;caption&quot;:&quot;&quot;,&quot;created_timestamp&quot;:&quot;0&quot;,&quot;copyright&quot;:&quot;&quot;,&quot;focal_length&quot;:&quot;0&quot;,&quot;iso&quot;:&quot;0&quot;,&quot;shutter_speed&quot;:&quot;0&quot;,&quot;title&quot;:&quot;&quot;,&quot;orientation&quot;:&quot;0&quot;}\" data-image-title=\"icon-os-linux\" data-image-description=\"\" data-image-caption=\"\" data-large-file=\"https:\/\/i0.wp.com\/eitzen.at\/wp-content\/uploads\/2018\/09\/icon-os-linux.png?fit=189%2C189&amp;ssl=1\" class=\"alignnone wp-image-794\" src=\"https:\/\/i0.wp.com\/eitzen.at\/wp-content\/uploads\/2018\/09\/icon-os-linux.png?resize=90%2C90&#038;ssl=1\" alt=\"\" width=\"90\" height=\"90\" srcset=\"https:\/\/i0.wp.com\/eitzen.at\/wp-content\/uploads\/2018\/09\/icon-os-linux.png?w=189&amp;ssl=1 189w, https:\/\/i0.wp.com\/eitzen.at\/wp-content\/uploads\/2018\/09\/icon-os-linux.png?resize=150%2C150&amp;ssl=1 150w, https:\/\/i0.wp.com\/eitzen.at\/wp-content\/uploads\/2018\/09\/icon-os-linux.png?resize=174%2C174&amp;ssl=1 174w\" sizes=\"auto, (max-width: 90px) 100vw, 90px\" \/><\/a>\u00a0 \u00a0 \u00a0 \u00a0<a href=\"https:\/\/eitzen.at\/wp-content\/uploads\/2018\/10\/GoldFinder-MacOS.dmg\"><img data-recalc-dims=\"1\" loading=\"lazy\" decoding=\"async\" data-attachment-id=\"795\" data-permalink=\"https:\/\/eitzen.at\/index.php\/goldfinder\/icon-os-macos\/\" data-orig-file=\"https:\/\/i0.wp.com\/eitzen.at\/wp-content\/uploads\/2018\/09\/icon-os-macos.png?fit=189%2C189&amp;ssl=1\" data-orig-size=\"189,189\" data-comments-opened=\"1\" data-image-meta=\"{&quot;aperture&quot;:&quot;0&quot;,&quot;credit&quot;:&quot;&quot;,&quot;camera&quot;:&quot;&quot;,&quot;caption&quot;:&quot;&quot;,&quot;created_timestamp&quot;:&quot;0&quot;,&quot;copyright&quot;:&quot;&quot;,&quot;focal_length&quot;:&quot;0&quot;,&quot;iso&quot;:&quot;0&quot;,&quot;shutter_speed&quot;:&quot;0&quot;,&quot;title&quot;:&quot;&quot;,&quot;orientation&quot;:&quot;0&quot;}\" data-image-title=\"icon-os-macos\" data-image-description=\"\" data-image-caption=\"\" data-large-file=\"https:\/\/i0.wp.com\/eitzen.at\/wp-content\/uploads\/2018\/09\/icon-os-macos.png?fit=189%2C189&amp;ssl=1\" class=\"alignnone wp-image-795\" src=\"https:\/\/i0.wp.com\/eitzen.at\/wp-content\/uploads\/2018\/09\/icon-os-macos.png?resize=90%2C90&#038;ssl=1\" alt=\"\" width=\"90\" height=\"90\" srcset=\"https:\/\/i0.wp.com\/eitzen.at\/wp-content\/uploads\/2018\/09\/icon-os-macos.png?w=189&amp;ssl=1 189w, https:\/\/i0.wp.com\/eitzen.at\/wp-content\/uploads\/2018\/09\/icon-os-macos.png?resize=150%2C150&amp;ssl=1 150w, https:\/\/i0.wp.com\/eitzen.at\/wp-content\/uploads\/2018\/09\/icon-os-macos.png?resize=174%2C174&amp;ssl=1 174w\" sizes=\"auto, (max-width: 90px) 100vw, 90px\" \/><\/a>\u00a0 \u00a0 \u00a0 \u00a0<a href=\"https:\/\/eitzen.at\/wp-content\/uploads\/2018\/09\/GoldFinder-Windows.zip\"><img data-recalc-dims=\"1\" loading=\"lazy\" decoding=\"async\" data-attachment-id=\"796\" data-permalink=\"https:\/\/eitzen.at\/index.php\/goldfinder\/icon-os-windows\/\" data-orig-file=\"https:\/\/i0.wp.com\/eitzen.at\/wp-content\/uploads\/2018\/09\/icon-os-windows.png?fit=189%2C189&amp;ssl=1\" data-orig-size=\"189,189\" data-comments-opened=\"1\" data-image-meta=\"{&quot;aperture&quot;:&quot;0&quot;,&quot;credit&quot;:&quot;&quot;,&quot;camera&quot;:&quot;&quot;,&quot;caption&quot;:&quot;&quot;,&quot;created_timestamp&quot;:&quot;0&quot;,&quot;copyright&quot;:&quot;&quot;,&quot;focal_length&quot;:&quot;0&quot;,&quot;iso&quot;:&quot;0&quot;,&quot;shutter_speed&quot;:&quot;0&quot;,&quot;title&quot;:&quot;&quot;,&quot;orientation&quot;:&quot;0&quot;}\" data-image-title=\"icon-os-windows\" data-image-description=\"\" data-image-caption=\"\" data-large-file=\"https:\/\/i0.wp.com\/eitzen.at\/wp-content\/uploads\/2018\/09\/icon-os-windows.png?fit=189%2C189&amp;ssl=1\" class=\"alignnone wp-image-796\" src=\"https:\/\/i0.wp.com\/eitzen.at\/wp-content\/uploads\/2018\/09\/icon-os-windows.png?resize=90%2C90&#038;ssl=1\" alt=\"\" width=\"90\" height=\"90\" srcset=\"https:\/\/i0.wp.com\/eitzen.at\/wp-content\/uploads\/2018\/09\/icon-os-windows.png?w=189&amp;ssl=1 189w, https:\/\/i0.wp.com\/eitzen.at\/wp-content\/uploads\/2018\/09\/icon-os-windows.png?resize=150%2C150&amp;ssl=1 150w, https:\/\/i0.wp.com\/eitzen.at\/wp-content\/uploads\/2018\/09\/icon-os-windows.png?resize=174%2C174&amp;ssl=1 174w\" sizes=\"auto, (max-width: 90px) 100vw, 90px\" \/><\/a><\/p>\n<h2 style=\"text-align: left;\"><\/h2>\n<h2 style=\"text-align: left;\">Installationsanleitung f\u00fcr Windows<\/h2>\n<p>Bevor GoldFinder installiert werden kann, muss das <strong>Java Development Kit (JDK) 10<\/strong> auf ihrem Rechner installiert werden. Die <a href=\"https:\/\/www.oracle.com\/technetwork\/java\/javase\/downloads\/index.html\" target=\"_blank\" rel=\"noopener noreferrer\">entsprechende Version f\u00fcr ihr Betriebsystem finden Sie hier zum Download<\/a>.<\/p>\n<p>Entzippen sie im Anschluss die runtergeladene GoldFinder-Windows.zip Datei mit\u00a0<a href=\"http:\/\/www.7-zip.de\/\">7-Zip<\/a>\u00a0oder einem anderen ZIP Verwaltungsprogramm in ihr C:\\Programme oder in ihr Home Verzeichnis.<\/p>\n<p>Es wird ein GoldFinder Verzeichnis angelegt. In diesem GoldFinder Verzeichnis finden Sie das Ausf\u00fchrungsprogramm <strong>goldfinder.bat<\/strong>. Doppelklicken Sie dieses um GoldFinder zu starten.<\/p>\n<p>Sie k\u00f6nnen diese Datei auch auf den Desktop\u00a0<strong>verlinken<\/strong> um schneller darauf Zugriff zu haben.<\/p>\n<h2 style=\"text-align: left;\">Installationsanleitung f\u00fcr\u00a0MacOS<\/h2>\n<p>Bevor GoldFinder installiert werden kann, muss das <strong>Java Development Kit (JDK) 10<\/strong> auf ihrem Rechner installiert werden. Die <a href=\"https:\/\/www.oracle.com\/technetwork\/java\/javase\/downloads\/jdk10-downloads-4416644.html\" target=\"_blank\" rel=\"noopener noreferrer\">entsprechende Version f\u00fcr ihr Betriebsystem finden sie hier zum Download<\/a>.<\/p>\n<p>\u00d6ffnen Sie nun die heruntergeladene dmg Datei durch Doppelklick. Es wird ein neues Laufwerk GoldFinderInstaller erzeugt. \u00d6ffnen Sie dieses, installieren das GStreamer Paket und schieben Sie schlu\u00dfendlich das GoldFinder Icon in den Applications Ordner der rechts davon dargestellt wird.<\/p>\n<p>GoldFinder ist als Anwendung nun in ihrem Programme Ordner verf\u00fcgbar.<\/p>\n<h2 style=\"text-align: left;\">Installationsanleitung f\u00fcr\u00a0Linux<\/h2>\n<p>Bevor GoldFinder installiert werden kann, muss das <strong>OPENJDK\u00a0<\/strong><strong>Java Development Kit (JDK) 10<\/strong> auf ihrem Rechner installiert werden. <a href=\"https:\/\/www.kalytta.net\/programming\/java-unter-ubuntu-18-04-lts-installieren-jre-und-jdk\/\" target=\"_blank\" rel=\"noopener noreferrer\">Eine deutsche Anleitung f\u00fcr Ubuntu 18.04 finden Sie hier<\/a>.<\/p>\n<p>\u00d6ffnen Sie im Anschluss ein Terminalfenster (unter Kubuntu das Programm Konsole), entpacken Sie die runtergeladene ZIP Datei und wechseln in das entstandene GoldFinder Verzeichnis. Schlussendlich starten Sie bitte die Installation in dem Sie das Installationsskript\u00a0aufrufen (Die Kommandos unterhalb machen genau diese Schritte):<\/p>\n<pre style=\"padding-left: 30px;\"><span style=\"color: #666699;\">unzip GoldFinder-Linux.zip\r\ncd GoldFinder\r\n.\/installLinux.sh\r\ncd ..\r\nrm -rf GoldFinder\r\n<\/span><\/pre>\n<p>GoldFinder ist nun in ihrem Homeverzeichnis im Verzeichnis &#8220;goldfinder&#8221; installiert und mit dem Menusystem integriert worden. Durch\u00a0Eingabe von &#8220;GoldFinder&#8221; in der Anwendungssuche k\u00f6nnen Sie GoldFinder ausf\u00fchren. Alternativ k\u00f6nnen sie GoldFinder auch \u00fcber die Kommandozeile ausf\u00fchren:<\/p>\n<pre style=\"padding-left: 30px;\"><span style=\"color: #666699;\">cd ~\/goldfinder\r\njava -jar goldfinder.jar<\/span><\/pre>\n<h2>Zwei grunds\u00e4tzliche Einf\u00fchrungsvideos zu Goldfinder<\/h2>\n<p><span class=\"embed-youtube\" style=\"text-align:center; display: block;\"><iframe loading=\"lazy\" class=\"youtube-player\" width=\"640\" height=\"360\" src=\"https:\/\/www.youtube.com\/embed\/45bx0goFia4?version=3&#038;rel=1&#038;showsearch=0&#038;showinfo=1&#038;iv_load_policy=1&#038;fs=1&#038;hl=en-US&#038;autohide=2&#038;wmode=transparent\" allowfullscreen=\"true\" style=\"border:0;\" sandbox=\"allow-scripts allow-same-origin allow-popups allow-presentation allow-popups-to-escape-sandbox\"><\/iframe><\/span><\/p>\n<p><span class=\"embed-youtube\" style=\"text-align:center; display: block;\"><iframe loading=\"lazy\" class=\"youtube-player\" width=\"640\" height=\"360\" src=\"https:\/\/www.youtube.com\/embed\/-WYpdc_sYFc?version=3&#038;rel=1&#038;showsearch=0&#038;showinfo=1&#038;iv_load_policy=1&#038;fs=1&#038;hl=en-US&#038;autohide=2&#038;wmode=transparent\" allowfullscreen=\"true\" style=\"border:0;\" sandbox=\"allow-scripts allow-same-origin allow-popups allow-presentation allow-popups-to-escape-sandbox\"><\/iframe><\/span><\/p>\n<h2>Wie kann ich GoldFinder lizenzieren und den vollen Umfang nutzen?<\/h2>\n<p>Bitte testen Sie den GoldFinder. Entspricht er ihren W\u00fcnschen und erleichtert er Ihnen die Vorbereitung auf ein Review? Wenn Ja und Sie m\u00f6chten z.B. die Vorbereitungen ausgedruckt mitnehmen, bzw. die ca. 100h Aufwand die wir in das Programm gesteckt haben honorieren, so schicken Sie uns eine kurze Email\u00a0an <a href=\"mailto:thomas@eitzen.at?subject=Lizenzanfrage%20GoldFinder\">thomas@eitzen.at<\/a>. Wir haben keine festen Lizenzpreise, sondern freuen uns \u00fcber einen Preis den Sie uns nennen. Was ist Ihnen die Zeit, die Sie durch den GoldFinder einsparen wert?<\/p>\n","protected":false},"excerpt":{"rendered":"<p>GoldFinder ist ein Programm, welches ma\u00dfgeschneidert f\u00fcr die Vorbereitung einer Marte Meo\u00ae Videointeraktionsanalyse entwickelt wurde. Ziel der Vorbereitung zu einer Videointeraktionsanalyse nach Marte Meo ist es (sehr vereinfacht), aus einem oder mehreren Videos die gelungenen Momente zu markieren und bestimmte Aspekte zu notieren (Wann, Was, Wozu). Im Rahmen der Analyse werden diese Momente\u00a0dann mit KlientInnen <a href=\"https:\/\/eitzen.at\/index.php\/goldfinder\/\" rel=\"nofollow\"><span class=\"sr-only\">Read more about Marte Meo Player GoldFinder<\/span>[&hellip;]<\/a><\/p>\n","protected":false},"author":1,"featured_media":786,"parent":0,"menu_order":0,"comment_status":"closed","ping_status":"closed","template":"template-fullwidth.php","meta":{"jetpack_post_was_ever_published":false,"footnotes":""},"class_list":["post-776","page","type-page","status-publish","has-post-thumbnail","hentry"],"jetpack_sharing_enabled":true,"jetpack_shortlink":"https:\/\/wp.me\/P88Djt-cw","jetpack-related-posts":[],"_links":{"self":[{"href":"https:\/\/eitzen.at\/index.php\/wp-json\/wp\/v2\/pages\/776","targetHints":{"allow":["GET"]}}],"collection":[{"href":"https:\/\/eitzen.at\/index.php\/wp-json\/wp\/v2\/pages"}],"about":[{"href":"https:\/\/eitzen.at\/index.php\/wp-json\/wp\/v2\/types\/page"}],"author":[{"embeddable":true,"href":"https:\/\/eitzen.at\/index.php\/wp-json\/wp\/v2\/users\/1"}],"replies":[{"embeddable":true,"href":"https:\/\/eitzen.at\/index.php\/wp-json\/wp\/v2\/comments?post=776"}],"version-history":[{"count":30,"href":"https:\/\/eitzen.at\/index.php\/wp-json\/wp\/v2\/pages\/776\/revisions"}],"predecessor-version":[{"id":824,"href":"https:\/\/eitzen.at\/index.php\/wp-json\/wp\/v2\/pages\/776\/revisions\/824"}],"wp:featuredmedia":[{"embeddable":true,"href":"https:\/\/eitzen.at\/index.php\/wp-json\/wp\/v2\/media\/786"}],"wp:attachment":[{"href":"https:\/\/eitzen.at\/index.php\/wp-json\/wp\/v2\/media?parent=776"}],"curies":[{"name":"wp","href":"https:\/\/api.w.org\/{rel}","templated":true}]}}